{"id":1305,"date":"2026-03-04T22:31:12","date_gmt":"2026-03-04T22:31:12","guid":{"rendered":"https:\/\/miss-loly.com\/?page_id=1305"},"modified":"2026-03-05T19:24:21","modified_gmt":"2026-03-05T19:24:21","slug":"tournage","status":"publish","type":"page","link":"https:\/\/miss-loly.com\/en\/tournage\/","title":{"rendered":"Tournage"},"content":{"rendered":"<div class=\"\" style=\"\" >\n    \n    <section class=\"u-clearfix u-section-2\" id=\"block-4\">\n      <div class=\"u-clearfix u-sheet u-valign-middle u-sheet-1\">\n        <div class=\"data-layout-selected u-clearfix u-expanded-width u-gutter-30 u-layout-wrap u-layout-wrap-1\">\n          <div class=\"u-layout\">\n            <div class=\"u-layout-row\">\n              <div class=\"u-container-style u-grey-5 u-layout-cell u-radius u-shape-round u-size-30 u-layout-cell-1\">\n                <div class=\"u-container-layout u-valign-top u-container-layout-1\">\n                  <h4 class=\"u-custom-font u-font-oswald u-text u-text-default u-text-1\" autocomplete=\"off\">MA mission<\/h4>\n                  <h2 class=\"u-custom-font u-font-montserrat u-text u-text-default u-text-2\">Votre s\u00e9curit\u00e9 avant tout<\/h2>\n                  <p class=\"u-text u-text-default u-text-3\">Le service de police s'engage \u00e0 maintenir la paix, \u00e0 pr\u00e9venir la criminalit\u00e9 et \u00e0 prot\u00e9ger chaque membre de notre communaut\u00e9. Gr\u00e2ce \u00e0 la transparence, au professionnalisme et \u00e0 la compassion, nous \u0153uvrons pour un environnement s\u00fbr pour tous.<\/p>\n                  <p class=\"u-text u-text-default u-text-4\">Image de <a href=\"https:\/\/www.freepik.com\" class=\"u-active-none u-border-none u-btn u-button-link u-button-style u-hover-none u-none u-text-palette-3-base u-btn-1\">freepik<\/a>\n                  <\/p>\n                <\/div>\n              <\/div>\n              <div class=\"u-container-style u-image u-image-round u-layout-cell u-radius u-size-30 u-image-1\" data-image-width=\"125\" data-image-height=\"150\" style=\"background-image: url(&quot;https:\/\/miss-loly.com\/wp-content\/uploads\/2025\/10\/loly-01b.jpg&quot;);\">\n                <div class=\"u-container-layout u-container-layout-2\"><\/div>\n              <\/div>\n            <\/div>\n          <\/div>\n        <\/div>\n      <\/div>\n    <\/section>\n    <section class=\"u-black u-clearfix u-section-3\" id=\"block-2\">\n      <div class=\"u-clearfix u-sheet u-sheet-1\">\n        <div class=\"u-uploaded-video u-video u-video-contain u-video-1\">\n          <div class=\"embed-responsive\">\n            <video class=\"embed-responsive-item\" controls=\"\">\n              <source src=\"https:\/\/miss-loly.com\/wp-content\/uploads\/2026\/03\/Clip-location-Pervers1.mp4\" type=\"video\/mp4\">\n              <p>Your browser does not support HTML5 video.<\/p>\n            <\/video>\n            <button class=\"u-video-poster\"><\/button>\n          <\/div>\n        <\/div>\n        <div class=\"custom-expanded u-carousel u-gallery u-gallery-slider u-layout-carousel u-lightbox u-no-transition u-show-text-on-hover u-gallery-1\" data-interval=\"5000\" data-u-ride=\"carousel\" id=\"carousel-06e4\">\n          <ol class=\"u-absolute-hcenter u-carousel-indicators u-carousel-indicators-1\">\n            <li data-u-target=\"#carousel-06e4\" data-u-slide-to=\"0\" class=\"u-active u-grey-70 u-shape-circle\" style=\"width: 10px; height: 10px;\"><\/li>\n            <li data-u-target=\"#carousel-06e4\" data-u-slide-to=\"1\" class=\"u-grey-70 u-shape-circle\" style=\"width: 10px; height: 10px;\"><\/li>\n          <\/ol>\n          <div class=\"u-carousel-inner u-gallery-inner\" role=\"listbox\">\n            <div class=\"u-active u-carousel-item u-effect-fade u-gallery-item u-carousel-item-1\">\n              <div class=\"u-back-slide\" data-image-width=\"1920\" data-image-height=\"1080\">\n                <img decoding=\"async\" class=\"u-back-image u-expanded u-back-image-1\" src=\"https:\/\/miss-loly.com\/wp-content\/uploads\/2026\/03\/Snapshot_7-1-2.jpg\">\n              <\/div>\n              <div class=\"u-align-center u-over-slide u-shading u-valign-bottom u-over-slide-1\"><\/div>\n            <\/div>\n            <div class=\"u-carousel-item u-effect-fade u-gallery-item u-carousel-item-2\">\n              <div class=\"u-back-slide\">\n                <img decoding=\"async\" class=\"u-back-image u-expanded\" src=\"https:\/\/miss-loly.com\/wp-content\/plugins\/nicepage\/assets\/images\/default-image.jpg\">\n              <\/div>\n              <div class=\"u-align-center u-over-slide u-shading u-valign-bottom u-over-slide-2\"><\/div>\n            <\/div>\n          <\/div>\n          <a class=\"u-absolute-vcenter u-carousel-control u-carousel-control-prev u-grey-70 u-icon-circle u-opacity u-opacity-70 u-spacing-10 u-text-white u-carousel-control-1\" href=\"#carousel-06e4\" role=\"button\" data-u-slide=\"prev\"><span aria-hidden=\"true\">\n              <svg viewbox=\"0 0 451.847 451.847\"><path d=\"M97.141,225.92c0-8.095,3.091-16.192,9.259-22.366L300.689,9.27c12.359-12.359,32.397-12.359,44.751,0c12.354,12.354,12.354,32.388,0,44.748L173.525,225.92l171.903,171.909c12.354,12.354,12.354,32.391,0,44.744c-12.354,12.365-32.386,12.365-44.745,0l-194.29-194.281C100.226,242.115,97.141,234.018,97.141,225.92z\"><\/path><\/svg><\/span><span class=\"sr-only\">\n              <svg viewbox=\"0 0 451.847 451.847\"><path d=\"M97.141,225.92c0-8.095,3.091-16.192,9.259-22.366L300.689,9.27c12.359-12.359,32.397-12.359,44.751,0c12.354,12.354,12.354,32.388,0,44.748L173.525,225.92l171.903,171.909c12.354,12.354,12.354,32.391,0,44.744c-12.354,12.365-32.386,12.365-44.745,0l-194.29-194.281C100.226,242.115,97.141,234.018,97.141,225.92z\"><\/path><\/svg><\/span>\n          <\/a>\n          <a class=\"u-absolute-vcenter u-carousel-control u-carousel-control-next u-grey-70 u-icon-circle u-opacity u-opacity-70 u-spacing-10 u-text-white u-carousel-control-2\" href=\"#carousel-06e4\" role=\"button\" data-u-slide=\"next\"><span aria-hidden=\"true\">\n              <svg viewbox=\"0 0 451.846 451.847\"><path d=\"M345.441,248.292L151.154,442.573c-12.359,12.365-32.397,12.365-44.75,0c-12.354-12.354-12.354-32.391,0-44.744L278.318,225.92L106.409,54.017c-12.354-12.359-12.354-32.394,0-44.748c12.354-12.359,32.391-12.359,44.75,0l194.287,194.284c6.177,6.18,9.262,14.271,9.262,22.366C354.708,234.018,351.617,242.115,345.441,248.292z\"><\/path><\/svg><\/span><span class=\"sr-only\">\n              <svg viewbox=\"0 0 451.846 451.847\"><path d=\"M345.441,248.292L151.154,442.573c-12.359,12.365-32.397,12.365-44.75,0c-12.354-12.354-12.354-32.391,0-44.744L278.318,225.92L106.409,54.017c-12.354-12.359-12.354-32.394,0-44.748c12.354-12.359,32.391-12.359,44.75,0l194.287,194.284c6.177,6.18,9.262,14.271,9.262,22.366C354.708,234.018,351.617,242.115,345.441,248.292z\"><\/path><\/svg><\/span>\n          <\/a>\n        <\/div>\n      <\/div>\n    <\/section>\n    <section class=\"u-align-center u-clearfix u-container-align-center u-valign-top-xs u-white u-section-4\" id=\"block-5\">\n      <div class=\"u-clearfix u-sheet u-valign-middle-xl u-sheet-1\">\n        <div class=\"u-container-style u-group u-group-1\">\n          <div class=\"u-container-layout u-valign-middle-lg u-container-layout-1\">\n            <img decoding=\"async\" src=\"https:\/\/miss-loly.com\/wp-content\/uploads\/2025\/10\/loly-01b.jpg\" class=\"custom-expanded u-align-left u-image u-image-round u-radius u-image-1\" data-image-width=\"125\" data-image-height=\"150\">\n            <div class=\"u-align-center u-container-align-center u-container-align-left-xl u-container-style u-group u-radius u-shape-round u-white u-group-2\" data-animation-name=\"customAnimationIn\" data-animation-duration=\"1500\" data-animation-delay=\"500\">\n              <div class=\"u-container-layout u-valign-middle u-container-layout-2\">\n                <h5 class=\"u-align-left u-text u-text-palette-1-light-1 u-text-1\">bulletin<\/h5>\n                <h3 class=\"u-align-left u-text u-text-2\">Rejoignez notre communaut\u00e9 bien-\u00eatre<\/h3>\n                <p class=\"u-align-left u-text u-text-3\">Restez inform\u00e9 des derni\u00e8res nouveaut\u00e9s en mati\u00e8re de sant\u00e9 et de bien-\u00eatre<\/p>\n                <div class=\"u-expanded-width u-form u-form-1\">\n                  <form action=\"https:\/\/service.nicepagesrv.com\/form\/v4\/form-process\" class=\"u-clearfix u-form-spacing-15 u-form-vertical u-inner-form\" style=\"\" source=\"email\" name=\"form\">\n                    <div class=\"u-form-group u-form-select u-label-top u-form-group-1\">\n                      <label for=\"select-f6af\" class=\"u-label\">Title*<\/label>\n                      <div class=\"u-form-select-wrapper\">\n                        <select id=\"select-f6af\" name=\"select\" class=\"u-border-none u-grey-5 u-input u-input-rectangle u-radius u-input-1\">\n                          <option data-calc=\"1\" value=\"1\">Mr<\/option>\n                          <option value=\"Mrs\" data-calc=\"\">Mrs<\/option>\n                        <\/select>\n                        <svg class=\"u-caret u-caret-svg\" version=\"1.1\" id=\"Layer_1\" xmlns=\"http:\/\/www.w3.org\/2000\/svg\" xmlns:xlink=\"http:\/\/www.w3.org\/1999\/xlink\" x=\"0px\" y=\"0px\" width=\"16px\" height=\"16px\" viewbox=\"0 0 16 16\" style=\"fill:currentColor;\" xml:space=\"preserve\"><polygon class=\"st0\" points=\"8,12 2,4 14,4 \"><\/polygon><\/svg>\n                      <\/div>\n                    <\/div>\n                    <div class=\"u-form-group u-form-name u-form-partition-factor-2 u-label-top u-form-group-2\">\n                      <label for=\"first-name-e061\" class=\"u-form-control-hidden u-label\"><\/label>\n                      <input type=\"text\" placeholder=\"Enter your First Name\" id=\"first-name-e061\" name=\"name-1\" class=\"u-border-none u-grey-5 u-input u-input-rectangle u-radius u-input-2\" required=\"\">\n                    <\/div>\n                    <div class=\"u-form-group u-form-name u-form-partition-factor-2 u-label-top u-form-group-3\">\n                      <label for=\"last-name-e061\" class=\"u-form-control-hidden u-label\"><\/label>\n                      <input type=\"text\" placeholder=\"Enter your Last Name\" id=\"last-name-e061\" name=\"name-2\" class=\"u-border-none u-grey-5 u-input u-input-rectangle u-radius u-input-3\" required=\"\">\n                    <\/div>\n                    <div class=\"u-form-email u-form-group u-label-top\">\n                      <label for=\"email-5a14\" class=\"u-form-control-hidden u-label\">Email<\/label>\n                      <input type=\"email\" placeholder=\"Enter a valid email address\" id=\"email-5a14\" name=\"email\" class=\"u-border-none u-grey-5 u-input u-input-rectangle u-radius u-input-4\" required=\"\">\n                    <\/div>\n                    <div class=\"u-align-center u-form-group u-form-submit u-label-top\">\n                      <a href=\"#\" class=\"u-active-grey-90 u-border-none u-btn u-btn-round u-btn-submit u-button-style u-hover-grey-90 u-palette-1-base u-radius u-text-active-white u-text-hover-white u-btn-1\">Soumettre<\/a>\n                      <input type=\"submit\" value=\"submit\" class=\"u-form-control-hidden\">\n                    <\/div>\n                    <div class=\"u-form-send-message u-form-send-success\">Merci ! Votre message a \u00e9t\u00e9 envoy\u00e9.<\/div>\n                    <div class=\"u-form-send-error u-form-send-message\">Impossible d'envoyer votre message. Merci de corriger les erreurs et r\u00e9essayer.<\/div>\n                    <input type=\"hidden\" value=\"\" name=\"recaptchaResponse\">\n                    <input type=\"hidden\" name=\"formServices\" value=\"3650c426-1143-1293-a5fd-8746412ee42a\">\n                  <\/form>\n                <\/div>\n              <\/div>\n            <\/div>\n            <h2 class=\"u-custom-font u-font-montserrat u-text u-text-default u-text-4\">Viens nous rejoindre<\/h2>\n          <\/div>\n        <\/div>\n      <\/div>\n    <\/section>\n    <section class=\"u-clearfix u-section-5\" id=\"block-3\">\n      <div class=\"u-clearfix u-sheet u-sheet-1\"><\/div>\n    <\/section>\n    \n    \n    \n    \n    \n    \n    \n    \n    \n    \n    \n    \n    \n  \n<\/div>","protected":false},"excerpt":{"rendered":"<p>MA mission Votre s\u00e9curit\u00e9 avant tout Le service de police s&rsquo;engage \u00e0 maintenir la paix, \u00e0 pr\u00e9venir la criminalit\u00e9 et \u00e0 prot\u00e9ger chaque membre de notre communaut\u00e9. Gr\u00e2ce \u00e0 la transparence, au professionnalisme et \u00e0 la compassion, nous \u0153uvrons pour un environnement s\u00fbr pour tous. Image de freepik Your browser does not support HTML5 video. &hellip; <\/p>","protected":false},"author":1,"featured_media":0,"parent":0,"menu_order":0,"comment_status":"closed","ping_status":"closed","template":"","meta":{"footnotes":""},"class_list":["post-1305","page","type-page","status-publish","hentry"],"jetpack_sharing_enabled":true,"_links":{"self":[{"href":"https:\/\/miss-loly.com\/en\/wp-json\/wp\/v2\/pages\/1305","targetHints":{"allow":["GET"]}}],"collection":[{"href":"https:\/\/miss-loly.com\/en\/wp-json\/wp\/v2\/pages"}],"about":[{"href":"https:\/\/miss-loly.com\/en\/wp-json\/wp\/v2\/types\/page"}],"author":[{"embeddable":true,"href":"https:\/\/miss-loly.com\/en\/wp-json\/wp\/v2\/users\/1"}],"replies":[{"embeddable":true,"href":"https:\/\/miss-loly.com\/en\/wp-json\/wp\/v2\/comments?post=1305"}],"version-history":[{"count":5,"href":"https:\/\/miss-loly.com\/en\/wp-json\/wp\/v2\/pages\/1305\/revisions"}],"predecessor-version":[{"id":1320,"href":"https:\/\/miss-loly.com\/en\/wp-json\/wp\/v2\/pages\/1305\/revisions\/1320"}],"wp:attachment":[{"href":"https:\/\/miss-loly.com\/en\/wp-json\/wp\/v2\/media?parent=1305"}],"curies":[{"name":"wp","href":"https:\/\/api.w.org\/{rel}","templated":true}]}}